{"id":300,"date":"2026-03-06T00:08:37","date_gmt":"2026-03-06T00:08:37","guid":{"rendered":"https:\/\/traduccionesalfrances.com\/fr\/?page_id=300"},"modified":"2026-03-06T00:13:37","modified_gmt":"2026-03-06T00:13:37","slug":"accessibilite","status":"publish","type":"page","link":"https:\/\/traduccionesalfrances.com\/fr\/accessibilite\/","title":{"rendered":"Accessibilit\u00e9"},"content":{"rendered":"<p>[et_pb_section fb_built=\u00bb1&#8243; admin_label=\u00bbHeader\u00bb _builder_version=\u00bb4.25.1&#8243; _module_preset=\u00bbdefault\u00bb background_color=\u00bbgcid-8544a4e2-27b8-420a-83de-1cee04f2fb29&#8243; custom_padding=\u00bb||5px|||\u00bb collapsed=\u00bbon\u00bb global_colors_info=\u00bb{%22gcid-8544a4e2-27b8-420a-83de-1cee04f2fb29%22:%91%22background_color%22%93}\u00bb][et_pb_row _builder_version=\u00bb4.27.4&#8243; _module_preset=\u00bbdefault\u00bb global_colors_info=\u00bb{}\u00bb][et_pb_column type=\u00bb4_4&#8243; _builder_version=\u00bb4.27.4&#8243; _module_preset=\u00bbdefault\u00bb global_colors_info=\u00bb{}\u00bb][et_pb_heading title=\u00bbaccessibilit\u00e9\u00bb admin_label=\u00bbT\u00edtulo\u00bb _builder_version=\u00bb4.27.4&#8243; _module_preset=\u00bb1eb54eb6-b433-43c7-9e30-da98c68a6f8a\u00bb title_font=\u00bbDM Serif Text|||on|||||\u00bb title_text_align=\u00bbcenter\u00bb title_text_color=\u00bbgcid-fa3e187d-20a7-4c5a-962d-49a38117a4cc\u00bb global_colors_info=\u00bb{%22gcid-fa3e187d-20a7-4c5a-962d-49a38117a4cc%22:%91%22title_text_color%22%93}\u00bb][\/et_pb_heading][\/et_pb_column][\/et_pb_row][\/et_pb_section][et_pb_section fb_built=\u00bb1&#8243; admin_label=\u00bbServices\u00bb _builder_version=\u00bb4.27.4&#8243; _module_preset=\u00bbdefault\u00bb background_color=\u00bbgcid-8544a4e2-27b8-420a-83de-1cee04f2fb29&#8243; border_width_top=\u00bb3px\u00bb locked=\u00bboff\u00bb collapsed=\u00bbon\u00bb global_colors_info=\u00bb{%22gcid-8544a4e2-27b8-420a-83de-1cee04f2fb29%22:%91%22background_color%22%93}\u00bb][et_pb_row _builder_version=\u00bb4.25.1&#8243; _module_preset=\u00bbdefault\u00bb global_colors_info=\u00bb{}\u00bb][et_pb_column type=\u00bb4_4&#8243; _builder_version=\u00bb4.25.1&#8243; _module_preset=\u00bbdefault\u00bb global_colors_info=\u00bb{}\u00bb][et_pb_text _builder_version=\u00bb4.27.4&#8243; _module_preset=\u00bb91159087-5d6a-4583-a85c-4840ad83a94f\u00bb hover_enabled=\u00bb0&#8243; global_colors_info=\u00bb{}\u00bb sticky_enabled=\u00bb0&#8243; border_color_top=\u00bbRGBA(255,255,255,0)\u00bb]<\/p>\n<div class=\"et_pb_with_border et_pb_section et_pb_section_1 et_pb_with_background et_section_regular\">\n<div class=\"et_pb_row et_pb_row_1\">\n<div class=\"et_pb_column et_pb_column_4_4 et_pb_column_1  et_pb_css_mix_blend_mode_passthrough et-last-child\">\n<div class=\"et_pb_module et_pb_text et_pb_text_0  et_pb_text_align_left et_pb_bg_layout_light\">\n<div class=\"et_pb_text_inner\">\n<p>D\u00c9CLARATION D&#8217;ACCESSIBILIT\u00c9<\/p>\n<p>La pr\u00e9sente d\u00e9claration d&#8217;accessibilit\u00e9 s&#8217;applique au site web https:\/\/traduccionesalfrances.com\/.<\/p>\n<p>\u00c9TAT DE CONFORMIT\u00c9<\/p>\n<p>Ce site web est partiellement conforme au RD 1112\/2018 en raison des exceptions et du d\u00e9faut de conformit\u00e9 des aspects indiqu\u00e9s ci-dessous.<\/p>\n<p>CONTENU NON ACCESSIBLE<\/p>\n<p>Le contenu ci-dessous n&#8217;est pas accessible pour les raisons suivantes :<\/p>\n<p>D\u00e9faut de conformit\u00e9 avec le RD 1112\/2018<br \/>\u2022 Certains contrastes peuvent ne pas respecter les minima requis de 3:1 par rapport aux couleurs adjacentes du fond de la section concern\u00e9e. [9.1.4.11 Contraste non textuel]<br \/>\u2022 Certaines \u00e9tiquettes ou instructions pourraient ne pas \u00eatre correctement identifi\u00e9es. [9.3.3.2 \u00c9tiquettes ou instructions]<br \/>\u2022 Des messages d&#8217;\u00e9tat pourraient ne pas r\u00e9pondre aux exigences minimales. [9.4.1.3 Messages d&#8217;\u00e9tat]<br \/>\u2022 Des suggestions en cas d&#8217;erreurs pourraient ne pas r\u00e9pondre aux exigences minimales. [9.3.3.3 Suggestion d&#8217;erreur (conditionnel)]<br \/>\u2022 Des d\u00e9fauts ponctuels dans la navigation s\u00e9quentielle pourraient affecter la signification ou l&#8217;utilisation de la page. [9.2.4.3 Ordre du focus]<br \/>\u2022 Il n&#8217;est pas possible d&#8217;emp\u00eacher les personnes utilisant la commande vocale d&#8217;activer accidentellement des \u00e9l\u00e9ments d&#8217;interaction. [9.2.1.4 \u2013 Raccourcis clavier]<br \/>\u2022 Des probl\u00e8mes de perception des couleurs pourraient exister dans certaines parties du site.<br \/>\u2022 Des erreurs d&#8217;\u00e9dition ponctuelles pourraient \u00eatre pr\u00e9sentes sur certaines pages.<\/p>\n<p>Charge disproportionn\u00e9e<br \/>Ne s&#8217;applique pas.<\/p>\n<p>PR\u00c9PARATION DE LA PR\u00c9SENTE D\u00c9CLARATION D&#8217;ACCESSIBILIT\u00c9<\/p>\n<p>Cette d\u00e9claration a \u00e9t\u00e9 pr\u00e9par\u00e9e le 10 juin 2025.<\/p>\n<p>La m\u00e9thode utilis\u00e9e pour pr\u00e9parer la d\u00e9claration est une auto-\u00e9valuation r\u00e9alis\u00e9e par l&#8217;entreprise elle-m\u00eame.<\/p>\n<p>OBSERVATIONS ET COORDONN\u00c9ES<\/p>\n<p>Vous pouvez communiquer toute information sur les exigences d&#8217;accessibilit\u00e9 (article 10.2.a du RD 1112\/2018), par exemple :<br \/>\u2022 Signaler tout manquement \u00e9ventuel de ce site web.<br \/>\u2022 Transmettre d&#8217;autres difficult\u00e9s d&#8217;acc\u00e8s au contenu.<br \/>\u2022 Formuler toute autre question ou suggestion d&#8217;am\u00e9lioration relative \u00e0 l&#8217;accessibilit\u00e9 du site.<\/p>\n<p>Via l&#8217;adresse e-mail de contact : melanieprouet@hotmail.com<\/p>\n<p>Vous pouvez pr\u00e9senter :<br \/>\u2022 Une plainte relative au respect des exigences du RD 1112\/2018, ou<br \/>\u2022 Une demande d&#8217;informations accessibles concernant :<br \/>\u2022 Les contenus exclus du champ d&#8217;application du RD 1112\/2018 conform\u00e9ment \u00e0 l&#8217;article 3, paragraphe 4.<br \/>\u2022 Les contenus exempt\u00e9s des exigences d&#8217;accessibilit\u00e9 en raison d&#8217;une charge disproportionn\u00e9e.<\/p>\n<p>Dans la demande d&#8217;informations accessibles, les faits, les motifs et la demande doivent \u00eatre clairement pr\u00e9cis\u00e9s afin de d\u00e9montrer qu&#8217;il s&#8217;agit d&#8217;une demande raisonnable et l\u00e9gitime.<\/p>\n<p>Les plaintes et r\u00e9clamations concernant les informations accessibles seront trait\u00e9es via l&#8217;adresse e-mail susmentionn\u00e9e.<\/p>\n<p>PROC\u00c9DURE DE MISE EN \u0152UVRE<\/p>\n<p>Si, apr\u00e8s une demande d&#8217;information accessible ou une plainte, celle-ci a \u00e9t\u00e9 rejet\u00e9e, si vous n&#8217;\u00eates pas d&#8217;accord avec la d\u00e9cision prise, ou si la r\u00e9ponse ne r\u00e9pond pas aux exigences de l&#8217;article 12.5, l&#8217;int\u00e9ress\u00e9 peut initier une r\u00e9clamation. Une r\u00e9clamation peut \u00e9galement \u00eatre introduite si un d\u00e9lai de vingt jours ouvrables s&#8217;est \u00e9coul\u00e9 sans r\u00e9ponse.<\/p>\n<\/div>\n<\/div>\n<\/div>\n<\/div>\n<\/div>\n<p>[\/et_pb_text][\/et_pb_column][\/et_pb_row][\/et_pb_section][et_pb_section fb_built=\u00bb1&#8243; admin_label=\u00bbFooter\u00bb _builder_version=\u00bb4.27.4&#8243; _module_preset=\u00bbdefault\u00bb background_color=\u00bbgcid-8544a4e2-27b8-420a-83de-1cee04f2fb29&#8243; custom_padding=\u00bb||7px|||\u00bb saved_tabs=\u00bball\u00bb collapsed=\u00bbon\u00bb global_colors_info=\u00bb{%22gcid-8544a4e2-27b8-420a-83de-1cee04f2fb29%22:%91%22background_color%22%93}\u00bb][et_pb_row _builder_version=\u00bb4.25.1&#8243; _module_preset=\u00bbdefault\u00bb custom_margin=\u00bb30px||||false|false\u00bb border_color_all=\u00bb#000000&#8243; border_width_top=\u00bb2px\u00bb global_colors_info=\u00bb{}\u00bb][et_pb_column type=\u00bb4_4&#8243; _builder_version=\u00bb4.25.1&#8243; _module_preset=\u00bbdefault\u00bb global_colors_info=\u00bb{}\u00bb][\/et_pb_column][\/et_pb_row][\/et_pb_section]<\/p>\n","protected":false},"excerpt":{"rendered":"<p>D\u00c9CLARATION D&#8217;ACCESSIBILIT\u00c9 La pr\u00e9sente d\u00e9claration d&#8217;accessibilit\u00e9 s&#8217;applique au site web https:\/\/traduccionesalfrances.com\/. \u00c9TAT DE CONFORMIT\u00c9 Ce site web est partiellement conforme au RD 1112\/2018 en raison des exceptions et du d\u00e9faut de conformit\u00e9 des aspects indiqu\u00e9s ci-dessous. CONTENU NON ACCESSIBLE Le contenu ci-dessous n&#8217;est pas accessible pour les raisons suivantes : D\u00e9faut de conformit\u00e9 avec le [&hellip;]<\/p>\n","protected":false},"author":2,"featured_media":0,"parent":0,"menu_order":0,"comment_status":"closed","ping_status":"closed","template":"","meta":{"_et_pb_use_builder":"on","_et_pb_old_content":"<!-- wp:paragraph -->\r\n<p>This is an example page. It's different from a blog post because it will stay in one place and will show up in your site navigation (in most themes). Most people start with an About page that introduces them to potential site visitors. It might say something like this:<\/p>\r\n<!-- \/wp:paragraph --><!-- wp:quote -->\r\n<blockquote class=\"wp-block-quote\">\r\n<p>Hi there! I'm a bike messenger by day, aspiring actor by night, and this is my website. I live in Los Angeles, have a great dog named Jack, and I like pi\u00f1a coladas. (And gettin' caught in the rain.)<\/p>\r\n<\/blockquote>\r\n<!-- \/wp:quote --><!-- wp:paragraph -->\r\n<p>...or something like this:<\/p>\r\n<!-- \/wp:paragraph --><!-- wp:quote -->\r\n<blockquote class=\"wp-block-quote\">\r\n<p>The XYZ Doohickey Company was founded in 1971, and has been providing quality doohickeys to the public ever since. Located in Gotham City, XYZ employs over 2,000 people and does all kinds of awesome things for the Gotham community.<\/p>\r\n<\/blockquote>\r\n<!-- \/wp:quote --><!-- wp:paragraph -->\r\n<p>As a new WordPress user, you should go to <a href=\"https:\/\/traduccionesalfrances.com\/fr\/wp-admin\/\">your dashboard<\/a> to delete this page and create new pages for your content. Have fun!<\/p>\r\n<!-- \/wp:paragraph -->","_et_gb_content_width":"","footnotes":""},"class_list":["post-300","page","type-page","status-publish","hentry"],"yoast_head":"<!-- This site is optimized with the Yoast SEO plugin v24.9 - https:\/\/yoast.com\/wordpress\/plugins\/seo\/ -->\n<title>Accessibilit\u00e9 - Traducciones al Frances<\/title>\n<meta name=\"robots\" content=\"noindex, nofollow\" \/>\n<meta property=\"og:locale\" content=\"es_ES\" \/>\n<meta property=\"og:type\" content=\"article\" \/>\n<meta property=\"og:title\" content=\"Accessibilit\u00e9 - Traducciones al Frances\" \/>\n<meta property=\"og:description\" content=\"D\u00c9CLARATION D&#039;ACCESSIBILIT\u00c9 La pr\u00e9sente d\u00e9claration d&#039;accessibilit\u00e9 s&#039;applique au site web https:\/\/traduccionesalfrances.com\/. \u00c9TAT DE CONFORMIT\u00c9 Ce site web est partiellement conforme au RD 1112\/2018 en raison des exceptions et du d\u00e9faut de conformit\u00e9 des aspects indiqu\u00e9s ci-dessous. CONTENU NON ACCESSIBLE Le contenu ci-dessous n&#039;est pas accessible pour les raisons suivantes : D\u00e9faut de conformit\u00e9 avec le [&hellip;]\" \/>\n<meta property=\"og:url\" content=\"https:\/\/traduccionesalfrances.com\/fr\/accessibilite\/\" \/>\n<meta property=\"og:site_name\" content=\"Traducciones al Frances\" \/>\n<meta property=\"article:modified_time\" content=\"2026-03-06T00:13:37+00:00\" \/>\n<meta name=\"twitter:card\" content=\"summary_large_image\" \/>\n<meta name=\"twitter:label1\" content=\"Tiempo de lectura\" \/>\n\t<meta name=\"twitter:data1\" content=\"17 minutos\" \/>\n<script type=\"application\/ld+json\" class=\"yoast-schema-graph\">{\"@context\":\"https:\/\/schema.org\",\"@graph\":[{\"@type\":\"WebPage\",\"@id\":\"https:\/\/traduccionesalfrances.com\/fr\/accessibilite\/\",\"url\":\"https:\/\/traduccionesalfrances.com\/fr\/accessibilite\/\",\"name\":\"Accessibilit\u00e9 - Traducciones al Frances\",\"isPartOf\":{\"@id\":\"https:\/\/traduccionesalfrances.com\/fr\/#website\"},\"datePublished\":\"2026-03-06T00:08:37+00:00\",\"dateModified\":\"2026-03-06T00:13:37+00:00\",\"breadcrumb\":{\"@id\":\"https:\/\/traduccionesalfrances.com\/fr\/accessibilite\/#breadcrumb\"},\"inLanguage\":\"es\",\"potentialAction\":[{\"@type\":\"ReadAction\",\"target\":[\"https:\/\/traduccionesalfrances.com\/fr\/accessibilite\/\"]}]},{\"@type\":\"BreadcrumbList\",\"@id\":\"https:\/\/traduccionesalfrances.com\/fr\/accessibilite\/#breadcrumb\",\"itemListElement\":[{\"@type\":\"ListItem\",\"position\":1,\"name\":\"Portada\",\"item\":\"https:\/\/traduccionesalfrances.com\/fr\/\"},{\"@type\":\"ListItem\",\"position\":2,\"name\":\"Accessibilit\u00e9\"}]},{\"@type\":\"WebSite\",\"@id\":\"https:\/\/traduccionesalfrances.com\/fr\/#website\",\"url\":\"https:\/\/traduccionesalfrances.com\/fr\/\",\"name\":\"Traducciones al Frances\",\"description\":\"\",\"publisher\":{\"@id\":\"https:\/\/traduccionesalfrances.com\/fr\/#\/schema\/person\/0d6628f127aebf5f992ba3ceabba4573\"},\"potentialAction\":[{\"@type\":\"SearchAction\",\"target\":{\"@type\":\"EntryPoint\",\"urlTemplate\":\"https:\/\/traduccionesalfrances.com\/fr\/?s={search_term_string}\"},\"query-input\":{\"@type\":\"PropertyValueSpecification\",\"valueRequired\":true,\"valueName\":\"search_term_string\"}}],\"inLanguage\":\"es\"},{\"@type\":[\"Person\",\"Organization\"],\"@id\":\"https:\/\/traduccionesalfrances.com\/fr\/#\/schema\/person\/0d6628f127aebf5f992ba3ceabba4573\",\"name\":\"admin\",\"image\":{\"@type\":\"ImageObject\",\"inLanguage\":\"es\",\"@id\":\"https:\/\/traduccionesalfrances.com\/fr\/#\/schema\/person\/image\/\",\"url\":\"https:\/\/traduccionesalfrances.com\/fr\/wp-content\/uploads\/2025\/02\/cropped-Artboard-12-80.jpg\",\"contentUrl\":\"https:\/\/traduccionesalfrances.com\/fr\/wp-content\/uploads\/2025\/02\/cropped-Artboard-12-80.jpg\",\"width\":512,\"height\":512,\"caption\":\"admin\"},\"logo\":{\"@id\":\"https:\/\/traduccionesalfrances.com\/fr\/#\/schema\/person\/image\/\"},\"sameAs\":[\"https:\/\/traduccionesalfrances.com\/fr\"]}]}<\/script>\n<!-- \/ Yoast SEO plugin. -->","yoast_head_json":{"title":"Accessibilit\u00e9 - Traducciones al Frances","robots":{"index":"noindex","follow":"nofollow"},"og_locale":"es_ES","og_type":"article","og_title":"Accessibilit\u00e9 - Traducciones al Frances","og_description":"D\u00c9CLARATION D'ACCESSIBILIT\u00c9 La pr\u00e9sente d\u00e9claration d'accessibilit\u00e9 s'applique au site web https:\/\/traduccionesalfrances.com\/. \u00c9TAT DE CONFORMIT\u00c9 Ce site web est partiellement conforme au RD 1112\/2018 en raison des exceptions et du d\u00e9faut de conformit\u00e9 des aspects indiqu\u00e9s ci-dessous. CONTENU NON ACCESSIBLE Le contenu ci-dessous n'est pas accessible pour les raisons suivantes : D\u00e9faut de conformit\u00e9 avec le [&hellip;]","og_url":"https:\/\/traduccionesalfrances.com\/fr\/accessibilite\/","og_site_name":"Traducciones al Frances","article_modified_time":"2026-03-06T00:13:37+00:00","twitter_card":"summary_large_image","twitter_misc":{"Tiempo de lectura":"17 minutos"},"schema":{"@context":"https:\/\/schema.org","@graph":[{"@type":"WebPage","@id":"https:\/\/traduccionesalfrances.com\/fr\/accessibilite\/","url":"https:\/\/traduccionesalfrances.com\/fr\/accessibilite\/","name":"Accessibilit\u00e9 - Traducciones al Frances","isPartOf":{"@id":"https:\/\/traduccionesalfrances.com\/fr\/#website"},"datePublished":"2026-03-06T00:08:37+00:00","dateModified":"2026-03-06T00:13:37+00:00","breadcrumb":{"@id":"https:\/\/traduccionesalfrances.com\/fr\/accessibilite\/#breadcrumb"},"inLanguage":"es","potentialAction":[{"@type":"ReadAction","target":["https:\/\/traduccionesalfrances.com\/fr\/accessibilite\/"]}]},{"@type":"BreadcrumbList","@id":"https:\/\/traduccionesalfrances.com\/fr\/accessibilite\/#breadcrumb","itemListElement":[{"@type":"ListItem","position":1,"name":"Portada","item":"https:\/\/traduccionesalfrances.com\/fr\/"},{"@type":"ListItem","position":2,"name":"Accessibilit\u00e9"}]},{"@type":"WebSite","@id":"https:\/\/traduccionesalfrances.com\/fr\/#website","url":"https:\/\/traduccionesalfrances.com\/fr\/","name":"Traducciones al Frances","description":"","publisher":{"@id":"https:\/\/traduccionesalfrances.com\/fr\/#\/schema\/person\/0d6628f127aebf5f992ba3ceabba4573"},"potentialAction":[{"@type":"SearchAction","target":{"@type":"EntryPoint","urlTemplate":"https:\/\/traduccionesalfrances.com\/fr\/?s={search_term_string}"},"query-input":{"@type":"PropertyValueSpecification","valueRequired":true,"valueName":"search_term_string"}}],"inLanguage":"es"},{"@type":["Person","Organization"],"@id":"https:\/\/traduccionesalfrances.com\/fr\/#\/schema\/person\/0d6628f127aebf5f992ba3ceabba4573","name":"admin","image":{"@type":"ImageObject","inLanguage":"es","@id":"https:\/\/traduccionesalfrances.com\/fr\/#\/schema\/person\/image\/","url":"https:\/\/traduccionesalfrances.com\/fr\/wp-content\/uploads\/2025\/02\/cropped-Artboard-12-80.jpg","contentUrl":"https:\/\/traduccionesalfrances.com\/fr\/wp-content\/uploads\/2025\/02\/cropped-Artboard-12-80.jpg","width":512,"height":512,"caption":"admin"},"logo":{"@id":"https:\/\/traduccionesalfrances.com\/fr\/#\/schema\/person\/image\/"},"sameAs":["https:\/\/traduccionesalfrances.com\/fr"]}]}},"_links":{"self":[{"href":"https:\/\/traduccionesalfrances.com\/fr\/wp-json\/wp\/v2\/pages\/300","targetHints":{"allow":["GET"]}}],"collection":[{"href":"https:\/\/traduccionesalfrances.com\/fr\/wp-json\/wp\/v2\/pages"}],"about":[{"href":"https:\/\/traduccionesalfrances.com\/fr\/wp-json\/wp\/v2\/types\/page"}],"author":[{"embeddable":true,"href":"https:\/\/traduccionesalfrances.com\/fr\/wp-json\/wp\/v2\/users\/2"}],"replies":[{"embeddable":true,"href":"https:\/\/traduccionesalfrances.com\/fr\/wp-json\/wp\/v2\/comments?post=300"}],"version-history":[{"count":2,"href":"https:\/\/traduccionesalfrances.com\/fr\/wp-json\/wp\/v2\/pages\/300\/revisions"}],"predecessor-version":[{"id":303,"href":"https:\/\/traduccionesalfrances.com\/fr\/wp-json\/wp\/v2\/pages\/300\/revisions\/303"}],"wp:attachment":[{"href":"https:\/\/traduccionesalfrances.com\/fr\/wp-json\/wp\/v2\/media?parent=300"}],"curies":[{"name":"wp","href":"https:\/\/api.w.org\/{rel}","templated":true}]}}